{"id":165,"date":"2021-09-28T11:53:09","date_gmt":"2021-09-28T10:53:09","guid":{"rendered":"https:\/\/meditation-class.ch\/?page_id=165"},"modified":"2022-02-22T08:22:11","modified_gmt":"2022-02-22T07:22:11","slug":"online-kurs-in-vorbereitung","status":"publish","type":"page","link":"https:\/\/meditation-class.ch\/?page_id=165","title":{"rendered":"Online Meditationskurs"},"content":{"rendered":"<div id=\"themify_builder_content-165\" data-postid=\"165\" class=\"themify_builder_content themify_builder_content-165 themify_builder\">\n    \t<!-- module_row -->\n\t<div   class=\"themify_builder_row module_row clearfix module_row_0 themify_builder_165_row module_row_165-0 tb_o84h950\">\n\t    \t    <div class=\"row_inner col_align_top\" >\n\t\t\t<div  class=\"module_column tb-column col-full first tb_165_column module_column_0 module_column_165-0-0 tb_jj6q950\">\n\t    \t    \t        <div class=\"tb-column-inner\">\n\t\t    <!-- module text -->\n<div  class=\"module module-text tb_50bk870    \">\n            <div  class=\"tb_text_wrap\">\n    <p>\u00a0<\/p>\n<p><span style=\"font-size: 14pt;\">Dieser Online-Kurs dauert 4 Wochen. Jede Woche wird eine neue Lektion aufgeschaltet mit neuen \u00dcbungen, dazu gibt es Lesestoff und Melodie-Mantras. F\u00fcr alle, die keinen &#8222;echten&#8220; Kurs besuchen k\u00f6nnen.<br \/><\/span><\/p>    <\/div>\n<\/div>\n<!-- \/module text -->\n<!-- module text -->\n<div  class=\"module module-text tb_p6le743    \">\n            <div  class=\"tb_text_wrap\">\n    \t<div class='user-registration ur-frontend-form   ' id='user-registration-form-586'>\n\t\t\t\t\t\t\t\t<form method='post' class='register' data-form-id=\"586\"\n\t\t\t\tdata-enable-strength-password=\"\" data-minimum-password-strength=\"3\"\n\t\t\t\t\t\t\t\t\t\t\t\t\t\t\t data-captcha-enabled=\"\">\n\n\t\t\t\t<div class=\"ur-form-row\" data-row-id=\"0\">\t\t\t\t\t\t\t<div class=\"ur-form-grid ur-grid-1\"\n\t\t\t\t\t\t\t\tstyle=\"width:99%\">\n\t\t\t\t\t\t\t\t\t\t\t\t\t\t\t\t<div  data-field-id=\"first_name\" class=\"ur-field-item field-first_name \" data-ref-id=\"first_name\" data-field-pattern-enabled=\"0\" data-field-pattern-value=\" \" data-field-pattern-message=\" \">\n\t\t\t\t\t\t\t\t\t\t<div class=\"form-row \" id=\"first_name_field\" data-priority=\"\" ><label for=\"first_name\" class=\"ur-label\">First Name<\/label> <span class=\"input-wrapper\"> <input  data-rules=\"\" data-id=\"first_name\" type=\"text\" class=\"input-text   input-text ur-frontend-field  \" name=\"first_name\" id=\"first_name\" placeholder=\"\"  value=\"\" data-label=\"First Name\" \/> <\/span> <\/div>\t\t\t\t\t\t\t\t\t<\/div>\n\t\t\t\t\t\t\t\t\t\t\t\t\t\t\t\t\t\t<div  data-field-id=\"last_name\" class=\"ur-field-item field-last_name \" data-ref-id=\"last_name\" data-field-pattern-enabled=\"0\" data-field-pattern-value=\" \" data-field-pattern-message=\" \">\n\t\t\t\t\t\t\t\t\t\t<div class=\"form-row \" id=\"last_name_field\" data-priority=\"\" ><label for=\"last_name\" class=\"ur-label\">Last Name<\/label> <span class=\"input-wrapper\"> <input  data-rules=\"\" data-id=\"last_name\" type=\"text\" class=\"input-text   input-text ur-frontend-field  \" name=\"last_name\" id=\"last_name\" placeholder=\"\"  value=\"\" data-label=\"Last Name\" \/> <\/span> <\/div>\t\t\t\t\t\t\t\t\t<\/div>\n\t\t\t\t\t\t\t\t\t\t\t\t\t\t\t\t\t\t<div  data-field-id=\"user_email\" class=\"ur-field-item field-user_email \" data-ref-id=\"user_email\" data-field-pattern-enabled=\"0\" data-field-pattern-value=\" \" data-field-pattern-message=\" \">\n\t\t\t\t\t\t\t\t\t\t<div class=\"form-row validate-required\" id=\"user_email_field\" data-priority=\"\" ><label for=\"user_email\" class=\"ur-label\">User Email <abbr class=\"required\" title=\"required\">*<\/abbr><\/label> <span class=\"input-wrapper\"> <input  data-rules=\"\" data-id=\"user_email\" type=\"email\" class=\"input-text   input-email ur-frontend-field  \" name=\"user_email\" id=\"user_email\" placeholder=\"\"  value=\"\" required=\"required\" data-label=\"User Email\" \/> <\/span> <\/div>\t\t\t\t\t\t\t\t\t<\/div>\n\t\t\t\t\t\t\t\t\t\t\t\t\t\t\t\t\t\t<div  data-field-id=\"user_pass\" class=\"ur-field-item field-user_pass \" data-ref-id=\"user_pass\" data-field-pattern-enabled=\"0\" data-field-pattern-value=\" \" data-field-pattern-message=\" \">\n\t\t\t\t\t\t\t\t\t\t<div class=\"form-row validate-required hide_show_password\" id=\"user_pass_field\" data-priority=\"\"><label for=\"user_pass\" class=\"ur-label\">User Password <abbr class=\"required\" title=\"required\">*<\/abbr><\/label> <span class=\"input-wrapper\"> <span class=\"password-input-group input-form-field-icons\"><input data-rules=\"\" data-id=\"user_pass\" type=\"password\" class=\"input-text  input-password ur-frontend-field  \" name=\"user_pass\" id=\"user_pass\" placeholder=\"\"  value=\"\" required=\"required\" data-label=\"User Password\" \/><\/span> <\/span> <\/div>\t\t\t\t\t\t\t\t\t<\/div>\n\t\t\t\t\t\t\t\t\t\t\t\t\t\t\t\t<\/div>\n\t\t\t\t\t\t\t\t\t\t\t\t\t<\/div>\n\t\t\t\t\t\t\t\t\t\t\t\t\t\t\t\t\t\t<div class=\"ur-button-container \" >\n\t\t\t\t\t\t\t\t\t\t\t\t\t\t<button type=\"submit\" class=\"btn button ur-submit-button \"  conditional_rules=\"&quot;&quot;\">\n\t\t\t\t\t\t\t\t<span><\/span>\n\t\t\t\t\t\t\t\tAbsenden\t\t\t\t\t\t\t<\/button>\n\t\t\t\t\t\t\t\t\t\t\t\t\t\t\t\t\t\t\t\t<\/div>\n\t\t\t\t\t\t\n\t\t\t\t<div style=\"clear:both\"><\/div>\n\t\t\t\t\t\t\t\t<input type=\"hidden\" name=\"ur-registration-language\" value=\"de\"\/>\n\t\t\t\t<input type=\"hidden\" name=\"ur-user-form-id\" value=\"586\"\/>\n\t\t\t\t<input type=\"hidden\" name=\"ur-redirect-url\" value=\"https:\/\/meditation-class.ch\/?page_id=84\"\/>\n\t\t\t\t<input type=\"hidden\" id=\"ur_frontend_form_nonce\" name=\"ur_frontend_form_nonce\" value=\"81cfb9ef85\" \/>\n\t\t\t\t\n\t\t\t<\/form>\n\t\t\t\n\t\t<div style=\"clear:both\"><\/div>\n\t<\/div>\n\n    <\/div>\n<\/div>\n<!-- \/module text -->\n\t        <\/div>\n\t    \t<\/div>\n\t\t    <\/div>\n\t    <!-- \/row_inner -->\n\t<\/div>\n\t<!-- \/module_row -->\n\t<\/div>\n\n\n\n\n<p><\/p>\n","protected":false},"excerpt":{"rendered":"<p>\u00a0 Dieser Online-Kurs dauert 4 Wochen. Jede Woche wird eine neue Lektion aufgeschaltet mit neuen \u00dcbungen, dazu gibt es Lesestoff und Melodie-Mantras. F\u00fcr alle, die keinen &#8222;echten&#8220; Kurs besuchen k\u00f6nnen.<\/p>\n","protected":false},"author":2,"featured_media":0,"parent":0,"menu_order":0,"comment_status":"closed","ping_status":"closed","template":"","meta":[],"yoast_head":"<!-- This site is optimized with the Yoast SEO plugin v21.1 - https:\/\/yoast.com\/wordpress\/plugins\/seo\/ -->\n<title>Online Meditationskurs - Meditationskurs Online<\/title>\n<meta name=\"robots\" content=\"index, follow, max-snippet:-1, max-image-preview:large, max-video-preview:-1\" \/>\n<link rel=\"canonical\" href=\"https:\/\/meditation-class.ch\/?page_id=165\" \/>\n<meta property=\"og:locale\" content=\"de_DE\" \/>\n<meta property=\"og:type\" content=\"article\" \/>\n<meta property=\"og:title\" content=\"Online Meditationskurs - Meditationskurs Online\" \/>\n<meta property=\"og:description\" content=\"\u00a0 Dieser Online-Kurs dauert 4 Wochen. Jede Woche wird eine neue Lektion aufgeschaltet mit neuen \u00dcbungen, dazu gibt es Lesestoff und Melodie-Mantras. F\u00fcr alle, die keinen &#8222;echten&#8220; Kurs besuchen k\u00f6nnen.\" \/>\n<meta property=\"og:url\" content=\"https:\/\/meditation-class.ch\/?page_id=165\" \/>\n<meta property=\"og:site_name\" content=\"Meditationskurs Online\" \/>\n<meta property=\"article:modified_time\" content=\"2022-02-22T07:22:11+00:00\" \/>\n<meta name=\"twitter:card\" content=\"summary_large_image\" \/>\n<script type=\"application\/ld+json\" class=\"yoast-schema-graph\">{\"@context\":\"https:\/\/schema.org\",\"@graph\":[{\"@type\":\"WebPage\",\"@id\":\"https:\/\/meditation-class.ch\/?page_id=165\",\"url\":\"https:\/\/meditation-class.ch\/?page_id=165\",\"name\":\"Online Meditationskurs - Meditationskurs Online\",\"isPartOf\":{\"@id\":\"https:\/\/meditation-class.ch\/#website\"},\"datePublished\":\"2021-09-28T10:53:09+00:00\",\"dateModified\":\"2022-02-22T07:22:11+00:00\",\"breadcrumb\":{\"@id\":\"https:\/\/meditation-class.ch\/?page_id=165#breadcrumb\"},\"inLanguage\":\"de\",\"potentialAction\":[{\"@type\":\"ReadAction\",\"target\":[\"https:\/\/meditation-class.ch\/?page_id=165\"]}]},{\"@type\":\"BreadcrumbList\",\"@id\":\"https:\/\/meditation-class.ch\/?page_id=165#breadcrumb\",\"itemListElement\":[{\"@type\":\"ListItem\",\"position\":1,\"name\":\"Home\",\"item\":\"https:\/\/meditation-class.ch\/\"},{\"@type\":\"ListItem\",\"position\":2,\"name\":\"Online Meditationskurs\"}]},{\"@type\":\"WebSite\",\"@id\":\"https:\/\/meditation-class.ch\/#website\",\"url\":\"https:\/\/meditation-class.ch\/\",\"name\":\"Meditationskurs Online\",\"description\":\"In 4 Wochen meditieren lernen\",\"potentialAction\":[{\"@type\":\"SearchAction\",\"target\":{\"@type\":\"EntryPoint\",\"urlTemplate\":\"https:\/\/meditation-class.ch\/?s={search_term_string}\"},\"query-input\":\"required name=search_term_string\"}],\"inLanguage\":\"de\"}]}<\/script>\n<!-- \/ Yoast SEO plugin. -->","yoast_head_json":{"title":"Online Meditationskurs - Meditationskurs Online","robots":{"index":"index","follow":"follow","max-snippet":"max-snippet:-1","max-image-preview":"max-image-preview:large","max-video-preview":"max-video-preview:-1"},"canonical":"https:\/\/meditation-class.ch\/?page_id=165","og_locale":"de_DE","og_type":"article","og_title":"Online Meditationskurs - Meditationskurs Online","og_description":"\u00a0 Dieser Online-Kurs dauert 4 Wochen. Jede Woche wird eine neue Lektion aufgeschaltet mit neuen \u00dcbungen, dazu gibt es Lesestoff und Melodie-Mantras. F\u00fcr alle, die keinen &#8222;echten&#8220; Kurs besuchen k\u00f6nnen.","og_url":"https:\/\/meditation-class.ch\/?page_id=165","og_site_name":"Meditationskurs Online","article_modified_time":"2022-02-22T07:22:11+00:00","twitter_card":"summary_large_image","schema":{"@context":"https:\/\/schema.org","@graph":[{"@type":"WebPage","@id":"https:\/\/meditation-class.ch\/?page_id=165","url":"https:\/\/meditation-class.ch\/?page_id=165","name":"Online Meditationskurs - Meditationskurs Online","isPartOf":{"@id":"https:\/\/meditation-class.ch\/#website"},"datePublished":"2021-09-28T10:53:09+00:00","dateModified":"2022-02-22T07:22:11+00:00","breadcrumb":{"@id":"https:\/\/meditation-class.ch\/?page_id=165#breadcrumb"},"inLanguage":"de","potentialAction":[{"@type":"ReadAction","target":["https:\/\/meditation-class.ch\/?page_id=165"]}]},{"@type":"BreadcrumbList","@id":"https:\/\/meditation-class.ch\/?page_id=165#breadcrumb","itemListElement":[{"@type":"ListItem","position":1,"name":"Home","item":"https:\/\/meditation-class.ch\/"},{"@type":"ListItem","position":2,"name":"Online Meditationskurs"}]},{"@type":"WebSite","@id":"https:\/\/meditation-class.ch\/#website","url":"https:\/\/meditation-class.ch\/","name":"Meditationskurs Online","description":"In 4 Wochen meditieren lernen","potentialAction":[{"@type":"SearchAction","target":{"@type":"EntryPoint","urlTemplate":"https:\/\/meditation-class.ch\/?s={search_term_string}"},"query-input":"required name=search_term_string"}],"inLanguage":"de"}]}},"builder_content":"<p>\u00a0<\/p> <p>Dieser Online-Kurs dauert 4 Wochen. Jede Woche wird eine neue Lektion aufgeschaltet mit neuen \u00dcbungen, dazu gibt es Lesestoff und Melodie-Mantras. F\u00fcr alle, die keinen \"echten\" Kurs besuchen k\u00f6nnen.<br \/><\/p>\n<p>[user_registration_form id=\"586\"]<\/p>","_links":{"self":[{"href":"https:\/\/meditation-class.ch\/index.php?rest_route=\/wp\/v2\/pages\/165"}],"collection":[{"href":"https:\/\/meditation-class.ch\/index.php?rest_route=\/wp\/v2\/pages"}],"about":[{"href":"https:\/\/meditation-class.ch\/index.php?rest_route=\/wp\/v2\/types\/page"}],"author":[{"embeddable":true,"href":"https:\/\/meditation-class.ch\/index.php?rest_route=\/wp\/v2\/users\/2"}],"replies":[{"embeddable":true,"href":"https:\/\/meditation-class.ch\/index.php?rest_route=%2Fwp%2Fv2%2Fcomments&post=165"}],"version-history":[{"count":11,"href":"https:\/\/meditation-class.ch\/index.php?rest_route=\/wp\/v2\/pages\/165\/revisions"}],"predecessor-version":[{"id":870,"href":"https:\/\/meditation-class.ch\/index.php?rest_route=\/wp\/v2\/pages\/165\/revisions\/870"}],"wp:attachment":[{"href":"https:\/\/meditation-class.ch\/index.php?rest_route=%2Fwp%2Fv2%2Fmedia&parent=165"}],"curies":[{"name":"wp","href":"https:\/\/api.w.org\/{rel}","templated":true}]}}